{"id":931,"date":"2024-10-04T18:54:14","date_gmt":"2024-10-04T18:54:14","guid":{"rendered":"https:\/\/latis.tv\/?page_id=931"},"modified":"2025-11-27T13:13:32","modified_gmt":"2025-11-27T13:13:32","slug":"copa-de-maestros","status":"publish","type":"page","link":"https:\/\/latis.tv\/index.php\/copa-de-maestros\/","title":{"rendered":"Copa de Maestros"},"content":{"rendered":"<style>.elementor-931 .elementor-element.elementor-element-2b05c15b{--display:flex;overflow:visible;}.elementor-931 .elementor-element.elementor-element-88193de{--display:flex;--flex-direction:column;--container-widget-width:100%;--container-widget-height:initial;--container-widget-flex-grow:0;--container-widget-align-self:initial;--flex-wrap-mobile:wrap;overflow:visible;}.elementor-931 .elementor-element.elementor-element-07a6654{--display:flex;--flex-direction:column;--container-widget-width:100%;--container-widget-height:initial;--container-widget-flex-grow:0;--container-widget-align-self:initial;--flex-wrap-mobile:wrap;overflow:visible;}.elementor-931 .elementor-element.elementor-element-70ec08a{--display:flex;--flex-direction:column;--container-widget-width:100%;--container-widget-height:initial;--container-widget-flex-grow:0;--container-widget-align-self:initial;--flex-wrap-mobile:wrap;overflow:visible;}.elementor-931 .elementor-element.elementor-element-52d2ca4{--display:flex;--flex-direction:column;--container-widget-width:100%;--container-widget-height:initial;--container-widget-flex-grow:0;--container-widget-align-self:initial;--flex-wrap-mobile:wrap;overflow:visible;}.elementor-931 .elementor-element.elementor-element-36787b5{--display:flex;--flex-direction:column;--container-widget-width:100%;--container-widget-height:initial;--container-widget-flex-grow:0;--container-widget-align-self:initial;--flex-wrap-mobile:wrap;overflow:visible;}.elementor-931 .elementor-element.elementor-element-afb4a71{--display:flex;--flex-direction:column;--container-widget-width:100%;--container-widget-height:initial;--container-widget-flex-grow:0;--container-widget-align-self:initial;--flex-wrap-mobile:wrap;overflow:visible;}<\/style>\t\t<div data-elementor-type=\"wp-page\" data-elementor-id=\"931\" class=\"elementor elementor-931\" data-elementor-post-type=\"page\">\n\t\t\t\t<div data-particle_enable=\"false\" data-particle-mobile-disabled=\"false\" class=\"elementor-element elementor-element-2b05c15b e-flex e-con-boxed e-con e-parent\" data-id=\"2b05c15b\" data-element_type=\"container\" data-settings=\"{&quot;ekit_has_onepagescroll_dot&quot;:&quot;yes&quot;}\">\n\t\t\t\t\t<div class=\"e-con-inner\">\n\t\t\t\t<div class=\"elementor-element elementor-element-34c6542c elementor-widget elementor-widget-text-editor\" data-id=\"34c6542c\" data-element_type=\"widget\" data-settings=\"{&quot;ekit_we_effect_on&quot;:&quot;none&quot;}\" data-widget_type=\"text-editor.default\">\n\t\t\t\t<div class=\"elementor-widget-container\">\n\t\t\t\t\t\t\t\t\t<p><strong>1. Introducci\u00f3n<\/strong><\/p>\n<p>1.1.- La Copa de Maestros es un evento organizado por Latinoamerica SimRacing Series que alberga a los mejores pilotos de la temporada en una competencia unica.<\/p>\n<p>1.2.- El evento se realizar\u00e1 en la plataforma de iRacing.com, se utilizar\u00e1 el <b>PORSCHE 911 (992) GT3 CUP<\/b> mientras que el circuito ser\u00e1 <b>WATKINS GLEN CLASSIC<\/b><\/p>\t\t\t\t\t\t\t\t<\/div>\n\t\t\t\t<\/div>\n\t\t\t\t\t<\/div>\n\t\t\t\t<\/div>\n\t\t<div data-particle_enable=\"false\" data-particle-mobile-disabled=\"false\" class=\"elementor-element elementor-element-88193de e-flex e-con-boxed e-con e-parent\" data-id=\"88193de\" data-element_type=\"container\" data-settings=\"{&quot;ekit_has_onepagescroll_dot&quot;:&quot;yes&quot;}\">\n\t\t\t\t\t<div class=\"e-con-inner\">\n\t\t\t\t<div class=\"elementor-element elementor-element-59feba1 elementor-widget elementor-widget-text-editor\" data-id=\"59feba1\" data-element_type=\"widget\" data-settings=\"{&quot;ekit_we_effect_on&quot;:&quot;none&quot;}\" data-widget_type=\"text-editor.default\">\n\t\t\t\t<div class=\"elementor-widget-container\">\n\t\t\t\t\t\t\t\t\t<p><strong>2. Inscripci\u00f3n<\/strong><\/p>\n<p>2.1.- La inscripci\u00f3n al evento es gratuita, todos los pilotos que hayan participado en al menos 1 fecha durante algun campeonato de la temporada 2025 pueden participar.<\/p>\n<p>2.2.- Los pilotos campeones de la temporada 2025, tienen su cupo asegurado a la final de la Copa de Maestros.<br \/><br \/>2.3.- Los pilotos deben unirse a la liga de iRacing de Latinoamerica SimRacing Series #2232<br \/><br \/>Discord:\u00a0<a href=\"https:\/\/discord.gg\/79RQvruBJt\">https:\/\/discord.gg\/79RQvruBJt<\/a><br \/>WhatsApp Liga:\u00a0<a href=\"https:\/\/chat.whatsapp.com\/K68Ji3eHYcgBfbD0UL5E6Z\">https:\/\/chat.whatsapp.com\/K68Ji3eHYcgBfbD0UL5E6Z<\/a>\u00a0\u00a0<\/p>\n<p>2.4.- Para inscribirse los pilotos deben completar el siguiente formulario de Inscripci\u00f3n:<\/p>\t\t\t\t\t\t\t\t<\/div>\n\t\t\t\t<\/div>\n\t\t\t\t\t<\/div>\n\t\t\t\t<\/div>\n\t\t<div data-particle_enable=\"false\" data-particle-mobile-disabled=\"false\" class=\"elementor-element elementor-element-07a6654 e-flex e-con-boxed e-con e-parent\" data-id=\"07a6654\" data-element_type=\"container\" data-settings=\"{&quot;ekit_has_onepagescroll_dot&quot;:&quot;yes&quot;}\">\n\t\t\t\t\t<div class=\"e-con-inner\">\n\t\t\t\t<div class=\"elementor-element elementor-element-1115208 elementor-widget elementor-widget-html\" data-id=\"1115208\" data-element_type=\"widget\" data-settings=\"{&quot;ekit_we_effect_on&quot;:&quot;none&quot;}\" data-widget_type=\"html.default\">\n\t\t\t\t<div class=\"elementor-widget-container\">\n\t\t\t\t\t<iframe src=\"https:\/\/docs.google.com\/forms\/d\/e\/1FAIpQLSfug_bqCmmgTcbjgJr4WOeA1iNZCSwNx1Is0CvvAcvtUOlbIg\/viewform?embedded=true\" width=\"640\" height=\"900\" frameborder=\"0\" marginheight=\"0\" marginwidth=\"0\">Cargando\u2026<\/iframe>\t\t\t\t<\/div>\n\t\t\t\t<\/div>\n\t\t\t\t\t<\/div>\n\t\t\t\t<\/div>\n\t\t<div data-particle_enable=\"false\" data-particle-mobile-disabled=\"false\" class=\"elementor-element elementor-element-70ec08a e-flex e-con-boxed e-con e-parent\" data-id=\"70ec08a\" data-element_type=\"container\" data-settings=\"{&quot;ekit_has_onepagescroll_dot&quot;:&quot;yes&quot;}\">\n\t\t\t\t\t<div class=\"e-con-inner\">\n\t\t\t\t<div class=\"elementor-element elementor-element-362c028 elementor-widget elementor-widget-text-editor\" data-id=\"362c028\" data-element_type=\"widget\" data-settings=\"{&quot;ekit_we_effect_on&quot;:&quot;none&quot;}\" data-widget_type=\"text-editor.default\">\n\t\t\t\t<div class=\"elementor-widget-container\">\n\t\t\t\t\t\t\t\t\t<p><b>3. Cronolog\u00eda y Calendario<\/b><\/p>\n<p>3.1.- El evento se desarrollar\u00e1 en 2 d\u00edas:<br \/><br \/><strong>LUNES 8 DE DICIEMBRE<br \/><br \/><\/strong>Apertura de Server | 20:00 hrs (GMT -3)<br \/>Clasificaci\u00f3n | 21:00 hrs (GMT -3) | 40 mins<br \/><br \/><strong>MIERCOLES 10 DE DICIEMBRE<br \/><br \/><\/strong>Apertura de Servers | 20:00 hrs (GMT -3)<br \/>Carrera Clasificatoria 1 | 21:00 hrs (GMT -3)<br \/>Carrera Clasificatoria 2 | 21:30 hrs (GMT -3)<br \/>Clasificaci\u00f3n COPA DE MAESTROS| 22:15 hrs (GMT -3)<br \/>COPA DE MAESTROS| 22:30 hrs (GMT -3)<\/p>\t\t\t\t\t\t\t\t<\/div>\n\t\t\t\t<\/div>\n\t\t\t\t\t<\/div>\n\t\t\t\t<\/div>\n\t\t<div data-particle_enable=\"false\" data-particle-mobile-disabled=\"false\" class=\"elementor-element elementor-element-52d2ca4 e-flex e-con-boxed e-con e-parent\" data-id=\"52d2ca4\" data-element_type=\"container\" data-settings=\"{&quot;ekit_has_onepagescroll_dot&quot;:&quot;yes&quot;}\">\n\t\t\t\t\t<div class=\"e-con-inner\">\n\t\t\t\t<div class=\"elementor-element elementor-element-0309008 elementor-widget elementor-widget-text-editor\" data-id=\"0309008\" data-element_type=\"widget\" data-settings=\"{&quot;ekit_we_effect_on&quot;:&quot;none&quot;}\" data-widget_type=\"text-editor.default\">\n\t\t\t\t<div class=\"elementor-widget-container\">\n\t\t\t\t\t\t\t\t\t<p><strong>4. Sesiones<\/strong><\/p>\n<p>4.1.- La sesion de clasificaci\u00f3n ser\u00e1 a 40 minutos abierta y el resultado de esta sesion ordenar\u00e1 la grilla de largada para las carreras clasificatorias del d\u00eda miercoles; siendo los pilotos que clasifiquen en lugares impares a la grilla de la carrera clasificatoria 1 mientras que los pilotos que clasifiquen en lugares pares iran a la carrera clasificatoria 2.\u00a0<strong>Los pilotos campeones de la temporada no deben participar de esta sesi\u00f3n.<\/strong><\/p>\n<p>4.2.- Las sesiones de Carreras Clasificatorias tendr\u00e1n las mismas caracteristicas que la temporada, clima aleatorio, condicion de pista aleatoria y setup fixed, largada en movimiento y safetycar activado. El paso de practica a carrera lo realizar\u00e1 el administrador de forma manual. La carrera clasificatoria ser\u00e1 a 15 vueltas.<\/p>\n<p>4.3.- El Top 6 de cada carrera clasificatoria, podr\u00e1 unirse a la sesi\u00f3n final de la Copa de Maestros.<\/p>\n<p>4.4.- La Final de la Copa de Maestros tendr\u00e1 una clasificacion de 15 minutos, abierta con setup fixed. La competencia final ser\u00e1 a 30 vueltas.<\/p>\n<p>\u00a0<\/p>\t\t\t\t\t\t\t\t<\/div>\n\t\t\t\t<\/div>\n\t\t\t\t\t<\/div>\n\t\t\t\t<\/div>\n\t\t<div data-particle_enable=\"false\" data-particle-mobile-disabled=\"false\" class=\"elementor-element elementor-element-36787b5 e-flex e-con-boxed e-con e-parent\" data-id=\"36787b5\" data-element_type=\"container\" data-settings=\"{&quot;ekit_has_onepagescroll_dot&quot;:&quot;yes&quot;}\">\n\t\t\t\t\t<div class=\"e-con-inner\">\n\t\t\t\t<div class=\"elementor-element elementor-element-88c0046 elementor-widget elementor-widget-text-editor\" data-id=\"88c0046\" data-element_type=\"widget\" data-settings=\"{&quot;ekit_we_effect_on&quot;:&quot;none&quot;}\" data-widget_type=\"text-editor.default\">\n\t\t\t\t<div class=\"elementor-widget-container\">\n\t\t\t\t\t\t\t\t\t<p><strong>5. Obligaciones<\/strong><\/p>\n<p>5.1.- Es obligaci\u00f3n por parte de los pilotos llevar el logo de Museo EFO Racing en el parabrisas delantero del vehiculo.<\/p>\n<p>5.2.- Puedes descargar los cardecals en el siguiente link:<br \/><br \/><\/p>\t\t\t\t\t\t\t\t<\/div>\n\t\t\t\t<\/div>\n\t\t\t\t\t<\/div>\n\t\t\t\t<\/div>\n\t\t<div data-particle_enable=\"false\" data-particle-mobile-disabled=\"false\" class=\"elementor-element elementor-element-afb4a71 e-flex e-con-boxed e-con e-parent\" data-id=\"afb4a71\" data-element_type=\"container\" data-settings=\"{&quot;ekit_has_onepagescroll_dot&quot;:&quot;yes&quot;}\">\n\t\t\t\t\t<div class=\"e-con-inner\">\n\t\t\t\t<div class=\"elementor-element elementor-element-3dd0d2f elementor-widget elementor-widget-text-editor\" data-id=\"3dd0d2f\" data-element_type=\"widget\" data-settings=\"{&quot;ekit_we_effect_on&quot;:&quot;none&quot;}\" data-widget_type=\"text-editor.default\">\n\t\t\t\t<div class=\"elementor-widget-container\">\n\t\t\t\t\t\t\t\t\t<p><strong>6. Premiaci\u00f3n<\/strong><br \/><br \/>6.1.- El ganador de la Copa de Maestros obtendr\u00e1 una premiaci\u00f3n de $100 iRacing Dollars, El segundo lugar obtendr\u00e1 $60 iRacing Dollars y el tercero $40 iRacing Dollars.<\/p>\t\t\t\t\t\t\t\t<\/div>\n\t\t\t\t<\/div>\n\t\t\t\t\t<\/div>\n\t\t\t\t<\/div>\n\t\t\t\t<\/div>\n\t\t","protected":false},"excerpt":{"rendered":"<p>1. Introducci\u00f3n 1.1.- La Copa de Maestros es un evento organizado por Latinoamerica SimRacing Series que alberga a los mejores pilotos de la temporada en una competencia unica. 1.2.- El evento se realizar\u00e1 en la plataforma de iRacing.com, se utilizar\u00e1 el PORSCHE 911 (992) GT3 CUP mientras que el circuito ser\u00e1 WATKINS GLEN CLASSIC 2. [&hellip;]<\/p>\n","protected":false},"author":2,"featured_media":0,"parent":0,"menu_order":0,"comment_status":"closed","ping_status":"closed","template":"","meta":{"_monsterinsights_skip_tracking":false,"_monsterinsights_sitenote_active":false,"_monsterinsights_sitenote_note":"","_monsterinsights_sitenote_category":0,"footnotes":""},"yoast_head":"<!-- This site is optimized with the Yoast SEO Premium plugin v23.2 (Yoast SEO v23.2) - https:\/\/yoast.com\/wordpress\/plugins\/seo\/ -->\n<title>Copa de Maestros - latis.tv<\/title>\n<meta name=\"robots\" content=\"index, follow, max-snippet:-1, max-image-preview:large, max-video-preview:-1\" \/>\n<link rel=\"canonical\" href=\"https:\/\/latis.tv\/index.php\/copa-de-maestros\/\" \/>\n<meta property=\"og:locale\" content=\"es_ES\" \/>\n<meta property=\"og:type\" content=\"article\" \/>\n<meta property=\"og:title\" content=\"Copa de Maestros\" \/>\n<meta property=\"og:description\" content=\"1. Introducci\u00f3n 1.1.- La Copa de Maestros es un evento organizado por Latinoamerica SimRacing Series que alberga a los mejores pilotos de la temporada en una competencia unica. 1.2.- El evento se realizar\u00e1 en la plataforma de iRacing.com, se utilizar\u00e1 el PORSCHE 911 (992) GT3 CUP mientras que el circuito ser\u00e1 WATKINS GLEN CLASSIC 2. [&hellip;]\" \/>\n<meta property=\"og:url\" content=\"https:\/\/latis.tv\/index.php\/copa-de-maestros\/\" \/>\n<meta property=\"og:site_name\" content=\"latis.tv\" \/>\n<meta property=\"article:modified_time\" content=\"2025-11-27T13:13:32+00:00\" \/>\n<meta name=\"twitter:card\" content=\"summary_large_image\" \/>\n<meta name=\"twitter:label1\" content=\"Tiempo estimado de lectura\" \/>\n\t<meta name=\"twitter:data1\" content=\"2 minutos\" \/>\n<script type=\"application\/ld+json\" class=\"yoast-schema-graph\">{\"@context\":\"https:\/\/schema.org\",\"@graph\":[{\"@type\":\"WebPage\",\"@id\":\"https:\/\/latis.tv\/index.php\/copa-de-maestros\/\",\"url\":\"https:\/\/latis.tv\/index.php\/copa-de-maestros\/\",\"name\":\"Copa de Maestros - latis.tv\",\"isPartOf\":{\"@id\":\"https:\/\/latis.tv\/#website\"},\"datePublished\":\"2024-10-04T18:54:14+00:00\",\"dateModified\":\"2025-11-27T13:13:32+00:00\",\"breadcrumb\":{\"@id\":\"https:\/\/latis.tv\/index.php\/copa-de-maestros\/#breadcrumb\"},\"inLanguage\":\"es-CL\",\"potentialAction\":[{\"@type\":\"ReadAction\",\"target\":[\"https:\/\/latis.tv\/index.php\/copa-de-maestros\/\"]}]},{\"@type\":\"BreadcrumbList\",\"@id\":\"https:\/\/latis.tv\/index.php\/copa-de-maestros\/#breadcrumb\",\"itemListElement\":[{\"@type\":\"ListItem\",\"position\":1,\"name\":\"Portada\",\"item\":\"https:\/\/latis.tv\/\"},{\"@type\":\"ListItem\",\"position\":2,\"name\":\"Copa de Maestros\"}]},{\"@type\":\"WebSite\",\"@id\":\"https:\/\/latis.tv\/#website\",\"url\":\"https:\/\/latis.tv\/\",\"name\":\"latis.tv\",\"description\":\"\",\"publisher\":{\"@id\":\"https:\/\/latis.tv\/#organization\"},\"potentialAction\":[{\"@type\":\"SearchAction\",\"target\":{\"@type\":\"EntryPoint\",\"urlTemplate\":\"https:\/\/latis.tv\/?s={search_term_string}\"},\"query-input\":\"required name=search_term_string\"}],\"inLanguage\":\"es-CL\"},{\"@type\":\"Organization\",\"@id\":\"https:\/\/latis.tv\/#organization\",\"name\":\"latis.tv\",\"url\":\"https:\/\/latis.tv\/\",\"logo\":{\"@type\":\"ImageObject\",\"inLanguage\":\"es-CL\",\"@id\":\"https:\/\/latis.tv\/#\/schema\/logo\/image\/\",\"url\":\"https:\/\/latis.tv\/wp-content\/uploads\/2024\/03\/Logo-nigga.png\",\"contentUrl\":\"https:\/\/latis.tv\/wp-content\/uploads\/2024\/03\/Logo-nigga.png\",\"width\":1920,\"height\":1080,\"caption\":\"latis.tv\"},\"image\":{\"@id\":\"https:\/\/latis.tv\/#\/schema\/logo\/image\/\"}}]}<\/script>\n<!-- \/ Yoast SEO Premium plugin. -->","yoast_head_json":{"title":"Copa de Maestros - latis.tv","robots":{"index":"index","follow":"follow","max-snippet":"max-snippet:-1","max-image-preview":"max-image-preview:large","max-video-preview":"max-video-preview:-1"},"canonical":"https:\/\/latis.tv\/index.php\/copa-de-maestros\/","og_locale":"es_ES","og_type":"article","og_title":"Copa de Maestros","og_description":"1. Introducci\u00f3n 1.1.- La Copa de Maestros es un evento organizado por Latinoamerica SimRacing Series que alberga a los mejores pilotos de la temporada en una competencia unica. 1.2.- El evento se realizar\u00e1 en la plataforma de iRacing.com, se utilizar\u00e1 el PORSCHE 911 (992) GT3 CUP mientras que el circuito ser\u00e1 WATKINS GLEN CLASSIC 2. [&hellip;]","og_url":"https:\/\/latis.tv\/index.php\/copa-de-maestros\/","og_site_name":"latis.tv","article_modified_time":"2025-11-27T13:13:32+00:00","twitter_card":"summary_large_image","twitter_misc":{"Tiempo estimado de lectura":"2 minutos"},"schema":{"@context":"https:\/\/schema.org","@graph":[{"@type":"WebPage","@id":"https:\/\/latis.tv\/index.php\/copa-de-maestros\/","url":"https:\/\/latis.tv\/index.php\/copa-de-maestros\/","name":"Copa de Maestros - latis.tv","isPartOf":{"@id":"https:\/\/latis.tv\/#website"},"datePublished":"2024-10-04T18:54:14+00:00","dateModified":"2025-11-27T13:13:32+00:00","breadcrumb":{"@id":"https:\/\/latis.tv\/index.php\/copa-de-maestros\/#breadcrumb"},"inLanguage":"es-CL","potentialAction":[{"@type":"ReadAction","target":["https:\/\/latis.tv\/index.php\/copa-de-maestros\/"]}]},{"@type":"BreadcrumbList","@id":"https:\/\/latis.tv\/index.php\/copa-de-maestros\/#breadcrumb","itemListElement":[{"@type":"ListItem","position":1,"name":"Portada","item":"https:\/\/latis.tv\/"},{"@type":"ListItem","position":2,"name":"Copa de Maestros"}]},{"@type":"WebSite","@id":"https:\/\/latis.tv\/#website","url":"https:\/\/latis.tv\/","name":"latis.tv","description":"","publisher":{"@id":"https:\/\/latis.tv\/#organization"},"potentialAction":[{"@type":"SearchAction","target":{"@type":"EntryPoint","urlTemplate":"https:\/\/latis.tv\/?s={search_term_string}"},"query-input":"required name=search_term_string"}],"inLanguage":"es-CL"},{"@type":"Organization","@id":"https:\/\/latis.tv\/#organization","name":"latis.tv","url":"https:\/\/latis.tv\/","logo":{"@type":"ImageObject","inLanguage":"es-CL","@id":"https:\/\/latis.tv\/#\/schema\/logo\/image\/","url":"https:\/\/latis.tv\/wp-content\/uploads\/2024\/03\/Logo-nigga.png","contentUrl":"https:\/\/latis.tv\/wp-content\/uploads\/2024\/03\/Logo-nigga.png","width":1920,"height":1080,"caption":"latis.tv"},"image":{"@id":"https:\/\/latis.tv\/#\/schema\/logo\/image\/"}}]}},"_links":{"self":[{"href":"https:\/\/latis.tv\/index.php\/wp-json\/wp\/v2\/pages\/931"}],"collection":[{"href":"https:\/\/latis.tv\/index.php\/wp-json\/wp\/v2\/pages"}],"about":[{"href":"https:\/\/latis.tv\/index.php\/wp-json\/wp\/v2\/types\/page"}],"author":[{"embeddable":true,"href":"https:\/\/latis.tv\/index.php\/wp-json\/wp\/v2\/users\/2"}],"replies":[{"embeddable":true,"href":"https:\/\/latis.tv\/index.php\/wp-json\/wp\/v2\/comments?post=931"}],"version-history":[{"count":18,"href":"https:\/\/latis.tv\/index.php\/wp-json\/wp\/v2\/pages\/931\/revisions"}],"predecessor-version":[{"id":1558,"href":"https:\/\/latis.tv\/index.php\/wp-json\/wp\/v2\/pages\/931\/revisions\/1558"}],"wp:attachment":[{"href":"https:\/\/latis.tv\/index.php\/wp-json\/wp\/v2\/media?parent=931"}],"curies":[{"name":"wp","href":"https:\/\/api.w.org\/{rel}","templated":true}]}}