{"id":461,"date":"2024-07-10T19:21:55","date_gmt":"2024-07-10T19:21:55","guid":{"rendered":"https:\/\/latis.tv\/?page_id=461"},"modified":"2024-07-26T04:52:59","modified_gmt":"2024-07-26T04:52:59","slug":"comisario","status":"publish","type":"page","link":"https:\/\/latis.tv\/index.php\/comisario\/","title":{"rendered":"Comisario"},"content":{"rendered":"<style>.elementor-461 .elementor-element.elementor-element-ae09197{--display:flex;--flex-direction:column;--container-widget-width:100%;--container-widget-height:initial;--container-widget-flex-grow:0;--container-widget-align-self:initial;--flex-wrap-mobile:wrap;overflow:visible;}.elementor-461 .elementor-element.elementor-element-963414b{text-align:center;}.elementor-461 .elementor-element.elementor-element-d5095c5{--display:flex;--flex-direction:column;--container-widget-width:100%;--container-widget-height:initial;--container-widget-flex-grow:0;--container-widget-align-self:initial;--flex-wrap-mobile:wrap;overflow:visible;}.elementor-461 .elementor-element.elementor-element-b0a6fcf{--display:flex;--flex-direction:column;--container-widget-width:100%;--container-widget-height:initial;--container-widget-flex-grow:0;--container-widget-align-self:initial;--flex-wrap-mobile:wrap;overflow:visible;}.elementor-461 .elementor-element.elementor-element-7b9ce2a{text-align:center;}.elementor-461 .elementor-element.elementor-element-7b9ce2a .eael-divider, .elementor-461 .elementor-element.elementor-element-7b9ce2a .divider-border{border-style:dashed;}.elementor-461 .elementor-element.elementor-element-7b9ce2a .eael-divider.horizontal{border-bottom-width:3px;width:300px;}.elementor-461 .elementor-element.elementor-element-7b9ce2a .divider-border{border-top-width:3px;}.elementor-461 .elementor-element.elementor-element-7b9ce2a .divider-text-container{width:300px;}.elementor-461 .elementor-element.elementor-element-5559759{--display:flex;--flex-direction:column;--container-widget-width:100%;--container-widget-height:initial;--container-widget-flex-grow:0;--container-widget-align-self:initial;--flex-wrap-mobile:wrap;overflow:visible;}.elementor-461 .elementor-element.elementor-element-f6c112c{text-align:center;}.elementor-461 .elementor-element.elementor-element-278ef43{--display:flex;overflow:visible;}.elementor-461 .elementor-element.elementor-element-4aa4c87 .elementor-tab-title, .elementor-461 .elementor-element.elementor-element-4aa4c87 .elementor-tab-title:before, .elementor-461 .elementor-element.elementor-element-4aa4c87 .elementor-tab-title:after, .elementor-461 .elementor-element.elementor-element-4aa4c87 .elementor-tab-content, .elementor-461 .elementor-element.elementor-element-4aa4c87 .elementor-tabs-content-wrapper{border-width:1px;}<\/style>\t\t<div data-elementor-type=\"wp-page\" data-elementor-id=\"461\" class=\"elementor elementor-461\" data-elementor-post-type=\"page\">\n\t\t\t\t<div data-particle_enable=\"false\" data-particle-mobile-disabled=\"false\" class=\"elementor-element elementor-element-ae09197 e-flex e-con-boxed e-con e-parent\" data-id=\"ae09197\" data-element_type=\"container\" data-settings=\"{&quot;ekit_has_onepagescroll_dot&quot;:&quot;yes&quot;}\">\n\t\t\t\t\t<div class=\"e-con-inner\">\n\t\t\t\t<div class=\"elementor-element elementor-element-963414b elementor-widget elementor-widget-heading\" data-id=\"963414b\" data-element_type=\"widget\" data-settings=\"{&quot;ekit_we_effect_on&quot;:&quot;none&quot;}\" data-widget_type=\"heading.default\">\n\t\t\t\t<div class=\"elementor-widget-container\">\n\t\t\t\t\t<h2 class=\"elementor-heading-title elementor-size-default\">Completa el formulario para enviar una denuncia:<\/h2>\t\t\t\t<\/div>\n\t\t\t\t<\/div>\n\t\t\t\t\t<\/div>\n\t\t\t\t<\/div>\n\t\t<div data-particle_enable=\"false\" data-particle-mobile-disabled=\"false\" class=\"elementor-element elementor-element-d5095c5 e-con-full e-flex e-con e-parent\" data-id=\"d5095c5\" data-element_type=\"container\" data-settings=\"{&quot;ekit_has_onepagescroll_dot&quot;:&quot;yes&quot;}\">\n\t\t\t\t<div class=\"elementor-element elementor-element-21dc1ee elementor-widget elementor-widget-html\" data-id=\"21dc1ee\" data-element_type=\"widget\" data-settings=\"{&quot;ekit_we_effect_on&quot;:&quot;none&quot;}\" data-widget_type=\"html.default\">\n\t\t\t\t<div class=\"elementor-widget-container\">\n\t\t\t\t\t<iframe src=\"https:\/\/docs.google.com\/forms\/d\/e\/1FAIpQLScA3J70RQaOaXz1L12lxAuUfNxaKu6qXMqkd-jvsl_G3K8huA\/viewform?embedded=true\" width=\"640\" height=\"900\" frameborder=\"0\" marginheight=\"0\" marginwidth=\"0\">Cargando\u2026<\/iframe>\t\t\t\t<\/div>\n\t\t\t\t<\/div>\n\t\t\t\t<\/div>\n\t\t<div data-particle_enable=\"false\" data-particle-mobile-disabled=\"false\" class=\"elementor-element elementor-element-b0a6fcf e-flex e-con-boxed e-con e-parent\" data-id=\"b0a6fcf\" data-element_type=\"container\" data-settings=\"{&quot;ekit_has_onepagescroll_dot&quot;:&quot;yes&quot;}\">\n\t\t\t\t\t<div class=\"e-con-inner\">\n\t\t\t\t<div class=\"elementor-element elementor-element-7b9ce2a elementor-widget elementor-widget-eael-divider\" data-id=\"7b9ce2a\" data-element_type=\"widget\" data-settings=\"{&quot;ekit_we_effect_on&quot;:&quot;none&quot;}\" data-widget_type=\"eael-divider.default\">\n\t\t\t\t<div class=\"elementor-widget-container\">\n\t\t\t\t\t\t\t<div class=\"eael-divider-wrap divider-direction-horizontal\">\n\t\t\t\t\t\t\t<div class=\"eael-divider horizontal\"><\/div>\n\t\t\t\t\t<\/div>\n\t\t\t\t<\/div>\n\t\t\t\t<\/div>\n\t\t\t\t\t<\/div>\n\t\t\t\t<\/div>\n\t\t<div data-particle_enable=\"false\" data-particle-mobile-disabled=\"false\" class=\"elementor-element elementor-element-5559759 e-flex e-con-boxed e-con e-parent\" data-id=\"5559759\" data-element_type=\"container\" data-settings=\"{&quot;ekit_has_onepagescroll_dot&quot;:&quot;yes&quot;}\">\n\t\t\t\t\t<div class=\"e-con-inner\">\n\t\t\t\t<div class=\"elementor-element elementor-element-f6c112c elementor-widget elementor-widget-heading\" data-id=\"f6c112c\" data-element_type=\"widget\" data-settings=\"{&quot;ekit_we_effect_on&quot;:&quot;none&quot;}\" data-widget_type=\"heading.default\">\n\t\t\t\t<div class=\"elementor-widget-container\">\n\t\t\t\t\t<h2 class=\"elementor-heading-title elementor-size-default\">Listado de Sanciones<\/h2>\t\t\t\t<\/div>\n\t\t\t\t<\/div>\n\t\t<div data-particle_enable=\"false\" data-particle-mobile-disabled=\"false\" class=\"elementor-element elementor-element-278ef43 e-con-full e-flex e-con e-child\" data-id=\"278ef43\" data-element_type=\"container\" data-settings=\"{&quot;ekit_has_onepagescroll_dot&quot;:&quot;yes&quot;}\">\n\t\t\t\t<div class=\"elementor-element elementor-element-4aa4c87 elementor-tabs-view-horizontal elementor-widget elementor-widget-tabs\" data-id=\"4aa4c87\" data-element_type=\"widget\" data-settings=\"{&quot;ekit_we_effect_on&quot;:&quot;none&quot;}\" data-widget_type=\"tabs.default\">\n\t\t\t\t<div class=\"elementor-widget-container\">\n\t\t\t\t\t\t\t<div class=\"elementor-tabs\">\n\t\t\t<div class=\"elementor-tabs-wrapper\" role=\"tablist\" >\n\t\t\t\t\t\t\t\t\t<div id=\"elementor-tab-title-7821\" class=\"elementor-tab-title elementor-tab-desktop-title\" aria-selected=\"true\" data-tab=\"1\" role=\"tab\" tabindex=\"0\" aria-controls=\"elementor-tab-content-7821\" aria-expanded=\"false\">Formula 4<\/div>\n\t\t\t\t\t\t\t<\/div>\n\t\t\t<div class=\"elementor-tabs-content-wrapper\" role=\"tablist\" aria-orientation=\"vertical\">\n\t\t\t\t\t\t\t\t\t<div class=\"elementor-tab-title elementor-tab-mobile-title\" aria-selected=\"true\" data-tab=\"1\" role=\"tab\" tabindex=\"0\" aria-controls=\"elementor-tab-content-7821\" aria-expanded=\"false\">Formula 4<\/div>\n\t\t\t\t\t<div id=\"elementor-tab-content-7821\" class=\"elementor-tab-content elementor-clearfix\" data-tab=\"1\" role=\"tabpanel\" aria-labelledby=\"elementor-tab-title-7821\" tabindex=\"0\" hidden=\"false\"><table width=\"821\"><tbody><tr><td width=\"71\">N\u00b0 DOC<\/td><td width=\"178\">PILOTO<\/td><td width=\"170\">SANCI\u00d3N<\/td><td width=\"402\">DESCRIPCI\u00d3N<\/td><\/tr><\/tbody><\/table><table width=\"821\"><tbody><tr><td width=\"71\">1<\/td><td width=\"178\">Gonzalo Garcia Aguilar<\/td><td width=\"170\">+6 Posiciones<\/td><td width=\"402\"><p>Se aplica la sanci\u00f3n al resultado de la segunda carrera; primera fecha del campeonato; Formula 4.<\/p><p>Se observa que durante la pelea por la primera posicion contra Emil Klotz; no deja el espacio suficiente al realizar la maniobra de sobrepaso; generando el contacto.\u00a0<\/p><\/td><\/tr><\/tbody><\/table><table width=\"821\"><tbody><tr><td width=\"71\">2<\/td><td width=\"178\">Roberto Stanley<\/td><td width=\"170\">+5 Posiciones<\/td><td width=\"402\">Se aplica la sanci\u00f3n al resultado de la primera carrera; primera fecha del campeonato; Formula 4.<br \/><br \/>Se observa que el piloto Leandro Bonini entra desacomodado a la ultima curva y es impactado por Roberto Stanley al no tomar los resguardos necesarios al momento de pelear la posici\u00f3n.<\/td><\/tr><\/tbody><\/table><table width=\"821\"><tbody><tr><td width=\"71\">3<\/td><td width=\"178\">Diego Gabriel Cabral<\/td><td width=\"170\">+10 Posiciones<\/td><td width=\"402\">Se aplica la sancion al resultado de la segunda carrera; primera fecha del campeonato; Formula 4.<br \/><br \/>Se observa que posterior a la largada; en la primera curva el piloto en cuestion no toma los recaudos necesarios golpeando a Dan Ocaranza generando un incidente y el abandono del piloto.<\/td><\/tr><\/tbody><\/table><table width=\"821\"><tbody><tr><td width=\"71\">4<\/td><td width=\"178\">Diego Pi\u00f1a<\/td><td width=\"170\">Sin Sancion<\/td><td width=\"402\">No se aplica sanci\u00f3n &#8211; Contacto de carrera.<br \/><br \/>Se observa que el piloto denunciado realiza una maniobra correcta de adelantamiento; llevando su auto sobre el piano no teniendo mas espacio hacia el interior; dejando espacio suficiente para que su rival realice un paralelo por afuera.<\/td><\/tr><\/tbody><\/table><table width=\"821\"><tbody><tr><td width=\"71\">\u00a0<\/td><td width=\"178\">\u00a0<\/td><td width=\"170\">\u00a0<\/td><td width=\"402\">\u00a0<\/td><\/tr><\/tbody><\/table><\/div>\n\t\t\t\t\t\t\t<\/div>\n\t\t<\/div>\n\t\t\t\t\t\t<\/div>\n\t\t\t\t<\/div>\n\t\t\t\t<\/div>\n\t\t\t\t\t<\/div>\n\t\t\t\t<\/div>\n\t\t\t\t<\/div>\n\t\t","protected":false},"excerpt":{"rendered":"<p>Completa el formulario para enviar una denuncia: Cargando\u2026 Listado de Sanciones Formula 4 Formula 4 N\u00b0 DOC PILOTO SANCI\u00d3N DESCRIPCI\u00d3N 1 Gonzalo Garcia Aguilar +6 Posiciones Se aplica la sanci\u00f3n al resultado de la segunda carrera; primera fecha del campeonato; Formula 4. Se observa que durante la pelea por la primera posicion contra Emil Klotz; [&hellip;]<\/p>\n","protected":false},"author":2,"featured_media":0,"parent":0,"menu_order":0,"comment_status":"closed","ping_status":"closed","template":"","meta":{"_monsterinsights_skip_tracking":false,"_monsterinsights_sitenote_active":false,"_monsterinsights_sitenote_note":"","_monsterinsights_sitenote_category":0,"footnotes":""},"yoast_head":"<!-- This site is optimized with the Yoast SEO Premium plugin v23.2 (Yoast SEO v23.2) - https:\/\/yoast.com\/wordpress\/plugins\/seo\/ -->\n<title>Comisario - latis.tv<\/title>\n<meta name=\"robots\" content=\"index, follow, max-snippet:-1, max-image-preview:large, max-video-preview:-1\" \/>\n<link rel=\"canonical\" href=\"https:\/\/latis.tv\/index.php\/comisario\/\" \/>\n<meta property=\"og:locale\" content=\"es_ES\" \/>\n<meta property=\"og:type\" content=\"article\" \/>\n<meta property=\"og:title\" content=\"Comisario\" \/>\n<meta property=\"og:description\" content=\"Completa el formulario para enviar una denuncia: Cargando\u2026 Listado de Sanciones Formula 4 Formula 4 N\u00b0 DOC PILOTO SANCI\u00d3N DESCRIPCI\u00d3N 1 Gonzalo Garcia Aguilar +6 Posiciones Se aplica la sanci\u00f3n al resultado de la segunda carrera; primera fecha del campeonato; Formula 4. Se observa que durante la pelea por la primera posicion contra Emil Klotz; [&hellip;]\" \/>\n<meta property=\"og:url\" content=\"https:\/\/latis.tv\/index.php\/comisario\/\" \/>\n<meta property=\"og:site_name\" content=\"latis.tv\" \/>\n<meta property=\"article:modified_time\" content=\"2024-07-26T04:52:59+00:00\" \/>\n<meta name=\"twitter:card\" content=\"summary_large_image\" \/>\n<meta name=\"twitter:label1\" content=\"Tiempo estimado de lectura\" \/>\n\t<meta name=\"twitter:data1\" content=\"1 minuto\" \/>\n<script type=\"application\/ld+json\" class=\"yoast-schema-graph\">{\"@context\":\"https:\/\/schema.org\",\"@graph\":[{\"@type\":\"WebPage\",\"@id\":\"https:\/\/latis.tv\/index.php\/comisario\/\",\"url\":\"https:\/\/latis.tv\/index.php\/comisario\/\",\"name\":\"Comisario - latis.tv\",\"isPartOf\":{\"@id\":\"https:\/\/latis.tv\/#website\"},\"datePublished\":\"2024-07-10T19:21:55+00:00\",\"dateModified\":\"2024-07-26T04:52:59+00:00\",\"breadcrumb\":{\"@id\":\"https:\/\/latis.tv\/index.php\/comisario\/#breadcrumb\"},\"inLanguage\":\"es-CL\",\"potentialAction\":[{\"@type\":\"ReadAction\",\"target\":[\"https:\/\/latis.tv\/index.php\/comisario\/\"]}]},{\"@type\":\"BreadcrumbList\",\"@id\":\"https:\/\/latis.tv\/index.php\/comisario\/#breadcrumb\",\"itemListElement\":[{\"@type\":\"ListItem\",\"position\":1,\"name\":\"Portada\",\"item\":\"https:\/\/latis.tv\/\"},{\"@type\":\"ListItem\",\"position\":2,\"name\":\"Comisario\"}]},{\"@type\":\"WebSite\",\"@id\":\"https:\/\/latis.tv\/#website\",\"url\":\"https:\/\/latis.tv\/\",\"name\":\"latis.tv\",\"description\":\"\",\"publisher\":{\"@id\":\"https:\/\/latis.tv\/#organization\"},\"potentialAction\":[{\"@type\":\"SearchAction\",\"target\":{\"@type\":\"EntryPoint\",\"urlTemplate\":\"https:\/\/latis.tv\/?s={search_term_string}\"},\"query-input\":\"required name=search_term_string\"}],\"inLanguage\":\"es-CL\"},{\"@type\":\"Organization\",\"@id\":\"https:\/\/latis.tv\/#organization\",\"name\":\"latis.tv\",\"url\":\"https:\/\/latis.tv\/\",\"logo\":{\"@type\":\"ImageObject\",\"inLanguage\":\"es-CL\",\"@id\":\"https:\/\/latis.tv\/#\/schema\/logo\/image\/\",\"url\":\"https:\/\/latis.tv\/wp-content\/uploads\/2024\/03\/Logo-nigga.png\",\"contentUrl\":\"https:\/\/latis.tv\/wp-content\/uploads\/2024\/03\/Logo-nigga.png\",\"width\":1920,\"height\":1080,\"caption\":\"latis.tv\"},\"image\":{\"@id\":\"https:\/\/latis.tv\/#\/schema\/logo\/image\/\"}}]}<\/script>\n<!-- \/ Yoast SEO Premium plugin. -->","yoast_head_json":{"title":"Comisario - latis.tv","robots":{"index":"index","follow":"follow","max-snippet":"max-snippet:-1","max-image-preview":"max-image-preview:large","max-video-preview":"max-video-preview:-1"},"canonical":"https:\/\/latis.tv\/index.php\/comisario\/","og_locale":"es_ES","og_type":"article","og_title":"Comisario","og_description":"Completa el formulario para enviar una denuncia: Cargando\u2026 Listado de Sanciones Formula 4 Formula 4 N\u00b0 DOC PILOTO SANCI\u00d3N DESCRIPCI\u00d3N 1 Gonzalo Garcia Aguilar +6 Posiciones Se aplica la sanci\u00f3n al resultado de la segunda carrera; primera fecha del campeonato; Formula 4. Se observa que durante la pelea por la primera posicion contra Emil Klotz; [&hellip;]","og_url":"https:\/\/latis.tv\/index.php\/comisario\/","og_site_name":"latis.tv","article_modified_time":"2024-07-26T04:52:59+00:00","twitter_card":"summary_large_image","twitter_misc":{"Tiempo estimado de lectura":"1 minuto"},"schema":{"@context":"https:\/\/schema.org","@graph":[{"@type":"WebPage","@id":"https:\/\/latis.tv\/index.php\/comisario\/","url":"https:\/\/latis.tv\/index.php\/comisario\/","name":"Comisario - latis.tv","isPartOf":{"@id":"https:\/\/latis.tv\/#website"},"datePublished":"2024-07-10T19:21:55+00:00","dateModified":"2024-07-26T04:52:59+00:00","breadcrumb":{"@id":"https:\/\/latis.tv\/index.php\/comisario\/#breadcrumb"},"inLanguage":"es-CL","potentialAction":[{"@type":"ReadAction","target":["https:\/\/latis.tv\/index.php\/comisario\/"]}]},{"@type":"BreadcrumbList","@id":"https:\/\/latis.tv\/index.php\/comisario\/#breadcrumb","itemListElement":[{"@type":"ListItem","position":1,"name":"Portada","item":"https:\/\/latis.tv\/"},{"@type":"ListItem","position":2,"name":"Comisario"}]},{"@type":"WebSite","@id":"https:\/\/latis.tv\/#website","url":"https:\/\/latis.tv\/","name":"latis.tv","description":"","publisher":{"@id":"https:\/\/latis.tv\/#organization"},"potentialAction":[{"@type":"SearchAction","target":{"@type":"EntryPoint","urlTemplate":"https:\/\/latis.tv\/?s={search_term_string}"},"query-input":"required name=search_term_string"}],"inLanguage":"es-CL"},{"@type":"Organization","@id":"https:\/\/latis.tv\/#organization","name":"latis.tv","url":"https:\/\/latis.tv\/","logo":{"@type":"ImageObject","inLanguage":"es-CL","@id":"https:\/\/latis.tv\/#\/schema\/logo\/image\/","url":"https:\/\/latis.tv\/wp-content\/uploads\/2024\/03\/Logo-nigga.png","contentUrl":"https:\/\/latis.tv\/wp-content\/uploads\/2024\/03\/Logo-nigga.png","width":1920,"height":1080,"caption":"latis.tv"},"image":{"@id":"https:\/\/latis.tv\/#\/schema\/logo\/image\/"}}]}},"_links":{"self":[{"href":"https:\/\/latis.tv\/index.php\/wp-json\/wp\/v2\/pages\/461"}],"collection":[{"href":"https:\/\/latis.tv\/index.php\/wp-json\/wp\/v2\/pages"}],"about":[{"href":"https:\/\/latis.tv\/index.php\/wp-json\/wp\/v2\/types\/page"}],"author":[{"embeddable":true,"href":"https:\/\/latis.tv\/index.php\/wp-json\/wp\/v2\/users\/2"}],"replies":[{"embeddable":true,"href":"https:\/\/latis.tv\/index.php\/wp-json\/wp\/v2\/comments?post=461"}],"version-history":[{"count":29,"href":"https:\/\/latis.tv\/index.php\/wp-json\/wp\/v2\/pages\/461\/revisions"}],"predecessor-version":[{"id":601,"href":"https:\/\/latis.tv\/index.php\/wp-json\/wp\/v2\/pages\/461\/revisions\/601"}],"wp:attachment":[{"href":"https:\/\/latis.tv\/index.php\/wp-json\/wp\/v2\/media?parent=461"}],"curies":[{"name":"wp","href":"https:\/\/api.w.org\/{rel}","templated":true}]}}