{"id":1303,"date":"2025-06-05T23:19:11","date_gmt":"2025-06-05T23:19:11","guid":{"rendered":"https:\/\/latis.tv\/?page_id=1303"},"modified":"2026-04-07T15:47:25","modified_gmt":"2026-04-07T15:47:25","slug":"assetto-corsa","status":"publish","type":"page","link":"https:\/\/latis.tv\/index.php\/assetto-corsa\/","title":{"rendered":"Assetto Corsa"},"content":{"rendered":"<style>.elementor-1303 .elementor-element.elementor-element-eaeead0{--display:flex;--flex-direction:row;--container-widget-width:initial;--container-widget-height:100%;--container-widget-flex-grow:1;--container-widget-align-self:stretch;--flex-wrap-mobile:wrap;--gap:0px 0px;--row-gap:0px;--column-gap:0px;overflow:visible;}.elementor-1303 .elementor-element.elementor-element-70c2f7d{--display:flex;--flex-direction:column;--container-widget-width:100%;--container-widget-height:initial;--container-widget-flex-grow:0;--container-widget-align-self:initial;--flex-wrap-mobile:wrap;overflow:visible;}.elementor-1303 .elementor-element.elementor-element-70c2f7d:not(.elementor-motion-effects-element-type-background), .elementor-1303 .elementor-element.elementor-element-70c2f7d > .elementor-motion-effects-container > .elementor-motion-effects-layer{background-color:#DBDBDB;}.elementor-1303 .elementor-element.elementor-element-a1c477d.ekit-equal-height-enable,\n\t\t\t\t\t.elementor-1303 .elementor-element.elementor-element-a1c477d.ekit-equal-height-enable > div,\n\t\t\t\t\t.elementor-1303 .elementor-element.elementor-element-a1c477d.ekit-equal-height-enable .ekit-wid-con,\n\t\t\t\t\t.elementor-1303 .elementor-element.elementor-element-a1c477d.ekit-equal-height-enable .ekit-wid-con .elementskit-info-image-box{height:100%;}.elementor-1303 .elementor-element.elementor-element-a1c477d .elementskit-info-image-box .elementskit-btn{background-color:#0090FF;}.elementor-1303 .elementor-element.elementor-element-a1c477d .elementskit-info-image-box  .elementskit-box-header img{opacity:1;}.elementor-1303 .elementor-element.elementor-element-a1c477d .elementskit-info-image-box.elementskit-thumb-card >  img{opacity:1;}.elementor-1303 .elementor-element.elementor-element-a1c477d .elementskit-info-image-box:hover  .elementskit-box-header img{opacity:1;transform:scale(1.1);}.elementor-1303 .elementor-element.elementor-element-a1c477d .elementskit-info-image-box.elementskit-thumb-card:hover >  img{opacity:1;transform:scale(1.1);}.elementor-1303 .elementor-element.elementor-element-a1c477d .elementskit-info-image-box .elementskit-info-box-title{margin:0px 0px 20px 0px;}.elementor-1303 .elementor-element.elementor-element-a1c477d .elementskit-info-image-box .elementskit-info-box-title {color:#000000;}.elementor-1303 .elementor-element.elementor-element-a1c477d .elementskit-info-image-box .elementskit-info-box-title a{color:#000000;}.elementor-1303 .elementor-element.elementor-element-a1c477d .elementskit-info-image-box .elementskit-info-box-title svg path{stroke:#000000;fill:#000000;}.elementor-1303 .elementor-element.elementor-element-a1c477d .elementskit-info-image-box .elementskit-box-style-content{margin:0px 0px 14px 0px;color:#000000;}.elementor-1303 .elementor-element.elementor-element-4d7990d{--display:flex;--flex-direction:column;--container-widget-width:100%;--container-widget-height:initial;--container-widget-flex-grow:0;--container-widget-align-self:initial;--flex-wrap-mobile:wrap;overflow:visible;}:root{--page-title-display:none;}@media(min-width:768px){.elementor-1303 .elementor-element.elementor-element-70c2f7d{--width:50%;}.elementor-1303 .elementor-element.elementor-element-4d7990d{--width:50%;}}<\/style>\t\t<div data-elementor-type=\"wp-page\" data-elementor-id=\"1303\" class=\"elementor elementor-1303\" data-elementor-post-type=\"page\">\n\t\t\t\t<div data-particle_enable=\"false\" data-particle-mobile-disabled=\"false\" class=\"elementor-element elementor-element-eaeead0 e-flex e-con-boxed e-con e-parent\" data-id=\"eaeead0\" data-element_type=\"container\" data-settings=\"{&quot;ekit_has_onepagescroll_dot&quot;:&quot;yes&quot;}\">\n\t\t\t\t\t<div class=\"e-con-inner\">\n\t\t<div data-particle_enable=\"false\" data-particle-mobile-disabled=\"false\" class=\"elementor-element elementor-element-70c2f7d e-con-full e-flex e-con e-child\" data-id=\"70c2f7d\" data-element_type=\"container\" data-settings=\"{&quot;background_background&quot;:&quot;classic&quot;,&quot;ekit_has_onepagescroll_dot&quot;:&quot;yes&quot;}\">\n\t\t\t\t<div class=\"elementor-element elementor-element-a1c477d ekit-equal-height-disable elementor-widget elementor-widget-elementskit-image-box\" data-id=\"a1c477d\" data-element_type=\"widget\" data-settings=\"{&quot;ekit_we_effect_on&quot;:&quot;none&quot;}\" data-widget_type=\"elementskit-image-box.default\">\n\t\t\t\t<div class=\"elementor-widget-container\">\n\t\t\t\t\t<div class=\"ekit-wid-con\" >\n            <div class=\"elementskit-info-image-box ekit-image-box text-center simple-card\" >\n\n                \n                <div class=\"elementskit-box-header image-box-img-center\">\n\n                    <img fetchpriority=\"high\" decoding=\"async\" width=\"1920\" height=\"1080\" src=\"https:\/\/latis.tv\/wp-content\/uploads\/2026\/04\/Dark-Modern-Elegant-Singer-New-Song-Youtube-Thumbnail-10.jpg\" class=\"attachment-full size-full wp-image-1783\" alt=\"\" srcset=\"https:\/\/latis.tv\/wp-content\/uploads\/2026\/04\/Dark-Modern-Elegant-Singer-New-Song-Youtube-Thumbnail-10.jpg 1920w, https:\/\/latis.tv\/wp-content\/uploads\/2026\/04\/Dark-Modern-Elegant-Singer-New-Song-Youtube-Thumbnail-10-300x169.jpg 300w, https:\/\/latis.tv\/wp-content\/uploads\/2026\/04\/Dark-Modern-Elegant-Singer-New-Song-Youtube-Thumbnail-10-1024x576.jpg 1024w, https:\/\/latis.tv\/wp-content\/uploads\/2026\/04\/Dark-Modern-Elegant-Singer-New-Song-Youtube-Thumbnail-10-768x432.jpg 768w, https:\/\/latis.tv\/wp-content\/uploads\/2026\/04\/Dark-Modern-Elegant-Singer-New-Song-Youtube-Thumbnail-10-1536x864.jpg 1536w\" sizes=\"(max-width: 1920px) 100vw, 1920px\" \/>\n                <\/div>\n                \n                <div class=\"elementskit-box-body ekit-image-box-body\">\n                    <div class=\"elementskit-box-content ekit-image-box-body-inner\">\n                                                <h3 class=\"elementskit-info-box-title\">\n\n                        TURISMO NISSAN V16\n                        \n                    <\/h3>\n                                                            <div class=\"elementskit-box-style-content\">\n                        Primer campeonato de Assetto Corsa organizado por LATIS; Campeonato Turismo Nissan V16.                    <\/div>\n                                    <\/div>\n\n                                <div class=\"elementskit-box-footer\">\n                    <div class=\"box-footer\">\n                        <div class=\"btn-wraper\">\n                                                            <a href=\"https:\/\/latis.tv\/index.php\/campeonato-turismo-nissan-v16\/\" class=\"elementskit-btn whitespace--normal\">\n                                    \n                                    \n                                    Saber m\u00e1s                                 <\/a>\n                                                        <\/div>\n                    <\/div>\n                <\/div>\n                            <\/div>\n            <\/div>\n    <\/div>\t\t\t\t<\/div>\n\t\t\t\t<\/div>\n\t\t\t\t<\/div>\n\t\t<div data-particle_enable=\"false\" data-particle-mobile-disabled=\"false\" class=\"elementor-element elementor-element-4d7990d e-con-full e-flex e-con e-child\" data-id=\"4d7990d\" data-element_type=\"container\" data-settings=\"{&quot;ekit_has_onepagescroll_dot&quot;:&quot;yes&quot;}\">\n\t\t\t\t<\/div>\n\t\t\t\t\t<\/div>\n\t\t\t\t<\/div>\n\t\t\t\t<\/div>\n\t\t","protected":false},"excerpt":{"rendered":"<p>TURISMO NISSAN V16 Primer campeonato de Assetto Corsa organizado por LATIS; Campeonato Turismo Nissan V16. Saber m\u00e1s<\/p>\n","protected":false},"author":2,"featured_media":0,"parent":0,"menu_order":0,"comment_status":"closed","ping_status":"closed","template":"","meta":{"_monsterinsights_skip_tracking":false,"_monsterinsights_sitenote_active":false,"_monsterinsights_sitenote_note":"","_monsterinsights_sitenote_category":0,"footnotes":""},"yoast_head":"<!-- This site is optimized with the Yoast SEO Premium plugin v23.2 (Yoast SEO v23.2) - https:\/\/yoast.com\/wordpress\/plugins\/seo\/ -->\n<title>Assetto Corsa - latis.tv<\/title>\n<meta name=\"description\" content=\"Assetto Corsa es un simulador de carreras de alto rendimiento que ha revolucionado la forma en que los fan\u00e1ticos del automovilismo experimentan la conducci\u00f3n virtual. Desarrollado por Kunos Simulazioni, este t\u00edtulo combina una f\u00edsica de conducci\u00f3n realista con un amplio soporte para mods, ofreciendo una experiencia profunda, personalizable y orientada tanto al disfrute como a la precisi\u00f3n t\u00e9cnica.\" \/>\n<meta name=\"robots\" content=\"index, follow, max-snippet:-1, max-image-preview:large, max-video-preview:-1\" \/>\n<link rel=\"canonical\" href=\"https:\/\/latis.tv\/index.php\/assetto-corsa\/\" \/>\n<meta property=\"og:locale\" content=\"es_ES\" \/>\n<meta property=\"og:type\" content=\"article\" \/>\n<meta property=\"og:title\" content=\"Assetto Corsa\" \/>\n<meta property=\"og:description\" content=\"Assetto Corsa es un simulador de carreras de alto rendimiento que ha revolucionado la forma en que los fan\u00e1ticos del automovilismo experimentan la conducci\u00f3n virtual. Desarrollado por Kunos Simulazioni, este t\u00edtulo combina una f\u00edsica de conducci\u00f3n realista con un amplio soporte para mods, ofreciendo una experiencia profunda, personalizable y orientada tanto al disfrute como a la precisi\u00f3n t\u00e9cnica.\" \/>\n<meta property=\"og:url\" content=\"https:\/\/latis.tv\/index.php\/assetto-corsa\/\" \/>\n<meta property=\"og:site_name\" content=\"latis.tv\" \/>\n<meta property=\"article:modified_time\" content=\"2026-04-07T15:47:25+00:00\" \/>\n<meta property=\"og:image\" content=\"https:\/\/latis.tv\/wp-content\/uploads\/2026\/04\/Dark-Modern-Elegant-Singer-New-Song-Youtube-Thumbnail-10.jpg\" \/>\n<meta name=\"twitter:card\" content=\"summary_large_image\" \/>\n<meta name=\"twitter:label1\" content=\"Tiempo estimado de lectura\" \/>\n\t<meta name=\"twitter:data1\" content=\"1 minuto\" \/>\n<script type=\"application\/ld+json\" class=\"yoast-schema-graph\">{\"@context\":\"https:\/\/schema.org\",\"@graph\":[{\"@type\":\"WebPage\",\"@id\":\"https:\/\/latis.tv\/index.php\/assetto-corsa\/\",\"url\":\"https:\/\/latis.tv\/index.php\/assetto-corsa\/\",\"name\":\"Assetto Corsa - latis.tv\",\"isPartOf\":{\"@id\":\"https:\/\/latis.tv\/#website\"},\"primaryImageOfPage\":{\"@id\":\"https:\/\/latis.tv\/index.php\/assetto-corsa\/#primaryimage\"},\"image\":{\"@id\":\"https:\/\/latis.tv\/index.php\/assetto-corsa\/#primaryimage\"},\"thumbnailUrl\":\"https:\/\/latis.tv\/wp-content\/uploads\/2026\/04\/Dark-Modern-Elegant-Singer-New-Song-Youtube-Thumbnail-10.jpg\",\"datePublished\":\"2025-06-05T23:19:11+00:00\",\"dateModified\":\"2026-04-07T15:47:25+00:00\",\"description\":\"Assetto Corsa es un simulador de carreras de alto rendimiento que ha revolucionado la forma en que los fan\u00e1ticos del automovilismo experimentan la conducci\u00f3n virtual. Desarrollado por Kunos Simulazioni, este t\u00edtulo combina una f\u00edsica de conducci\u00f3n realista con un amplio soporte para mods, ofreciendo una experiencia profunda, personalizable y orientada tanto al disfrute como a la precisi\u00f3n t\u00e9cnica.\",\"breadcrumb\":{\"@id\":\"https:\/\/latis.tv\/index.php\/assetto-corsa\/#breadcrumb\"},\"inLanguage\":\"es-CL\",\"potentialAction\":[{\"@type\":\"ReadAction\",\"target\":[\"https:\/\/latis.tv\/index.php\/assetto-corsa\/\"]}]},{\"@type\":\"ImageObject\",\"inLanguage\":\"es-CL\",\"@id\":\"https:\/\/latis.tv\/index.php\/assetto-corsa\/#primaryimage\",\"url\":\"https:\/\/latis.tv\/wp-content\/uploads\/2026\/04\/Dark-Modern-Elegant-Singer-New-Song-Youtube-Thumbnail-10.jpg\",\"contentUrl\":\"https:\/\/latis.tv\/wp-content\/uploads\/2026\/04\/Dark-Modern-Elegant-Singer-New-Song-Youtube-Thumbnail-10.jpg\",\"width\":1920,\"height\":1080},{\"@type\":\"BreadcrumbList\",\"@id\":\"https:\/\/latis.tv\/index.php\/assetto-corsa\/#breadcrumb\",\"itemListElement\":[{\"@type\":\"ListItem\",\"position\":1,\"name\":\"Portada\",\"item\":\"https:\/\/latis.tv\/\"},{\"@type\":\"ListItem\",\"position\":2,\"name\":\"Assetto Corsa\"}]},{\"@type\":\"WebSite\",\"@id\":\"https:\/\/latis.tv\/#website\",\"url\":\"https:\/\/latis.tv\/\",\"name\":\"latis.tv\",\"description\":\"\",\"publisher\":{\"@id\":\"https:\/\/latis.tv\/#organization\"},\"potentialAction\":[{\"@type\":\"SearchAction\",\"target\":{\"@type\":\"EntryPoint\",\"urlTemplate\":\"https:\/\/latis.tv\/?s={search_term_string}\"},\"query-input\":\"required name=search_term_string\"}],\"inLanguage\":\"es-CL\"},{\"@type\":\"Organization\",\"@id\":\"https:\/\/latis.tv\/#organization\",\"name\":\"latis.tv\",\"url\":\"https:\/\/latis.tv\/\",\"logo\":{\"@type\":\"ImageObject\",\"inLanguage\":\"es-CL\",\"@id\":\"https:\/\/latis.tv\/#\/schema\/logo\/image\/\",\"url\":\"https:\/\/latis.tv\/wp-content\/uploads\/2024\/03\/Logo-nigga.png\",\"contentUrl\":\"https:\/\/latis.tv\/wp-content\/uploads\/2024\/03\/Logo-nigga.png\",\"width\":1920,\"height\":1080,\"caption\":\"latis.tv\"},\"image\":{\"@id\":\"https:\/\/latis.tv\/#\/schema\/logo\/image\/\"}}]}<\/script>\n<!-- \/ Yoast SEO Premium plugin. -->","yoast_head_json":{"title":"Assetto Corsa - latis.tv","description":"Assetto Corsa es un simulador de carreras de alto rendimiento que ha revolucionado la forma en que los fan\u00e1ticos del automovilismo experimentan la conducci\u00f3n virtual. Desarrollado por Kunos Simulazioni, este t\u00edtulo combina una f\u00edsica de conducci\u00f3n realista con un amplio soporte para mods, ofreciendo una experiencia profunda, personalizable y orientada tanto al disfrute como a la precisi\u00f3n t\u00e9cnica.","robots":{"index":"index","follow":"follow","max-snippet":"max-snippet:-1","max-image-preview":"max-image-preview:large","max-video-preview":"max-video-preview:-1"},"canonical":"https:\/\/latis.tv\/index.php\/assetto-corsa\/","og_locale":"es_ES","og_type":"article","og_title":"Assetto Corsa","og_description":"Assetto Corsa es un simulador de carreras de alto rendimiento que ha revolucionado la forma en que los fan\u00e1ticos del automovilismo experimentan la conducci\u00f3n virtual. Desarrollado por Kunos Simulazioni, este t\u00edtulo combina una f\u00edsica de conducci\u00f3n realista con un amplio soporte para mods, ofreciendo una experiencia profunda, personalizable y orientada tanto al disfrute como a la precisi\u00f3n t\u00e9cnica.","og_url":"https:\/\/latis.tv\/index.php\/assetto-corsa\/","og_site_name":"latis.tv","article_modified_time":"2026-04-07T15:47:25+00:00","og_image":[{"url":"https:\/\/latis.tv\/wp-content\/uploads\/2026\/04\/Dark-Modern-Elegant-Singer-New-Song-Youtube-Thumbnail-10.jpg"}],"twitter_card":"summary_large_image","twitter_misc":{"Tiempo estimado de lectura":"1 minuto"},"schema":{"@context":"https:\/\/schema.org","@graph":[{"@type":"WebPage","@id":"https:\/\/latis.tv\/index.php\/assetto-corsa\/","url":"https:\/\/latis.tv\/index.php\/assetto-corsa\/","name":"Assetto Corsa - latis.tv","isPartOf":{"@id":"https:\/\/latis.tv\/#website"},"primaryImageOfPage":{"@id":"https:\/\/latis.tv\/index.php\/assetto-corsa\/#primaryimage"},"image":{"@id":"https:\/\/latis.tv\/index.php\/assetto-corsa\/#primaryimage"},"thumbnailUrl":"https:\/\/latis.tv\/wp-content\/uploads\/2026\/04\/Dark-Modern-Elegant-Singer-New-Song-Youtube-Thumbnail-10.jpg","datePublished":"2025-06-05T23:19:11+00:00","dateModified":"2026-04-07T15:47:25+00:00","description":"Assetto Corsa es un simulador de carreras de alto rendimiento que ha revolucionado la forma en que los fan\u00e1ticos del automovilismo experimentan la conducci\u00f3n virtual. Desarrollado por Kunos Simulazioni, este t\u00edtulo combina una f\u00edsica de conducci\u00f3n realista con un amplio soporte para mods, ofreciendo una experiencia profunda, personalizable y orientada tanto al disfrute como a la precisi\u00f3n t\u00e9cnica.","breadcrumb":{"@id":"https:\/\/latis.tv\/index.php\/assetto-corsa\/#breadcrumb"},"inLanguage":"es-CL","potentialAction":[{"@type":"ReadAction","target":["https:\/\/latis.tv\/index.php\/assetto-corsa\/"]}]},{"@type":"ImageObject","inLanguage":"es-CL","@id":"https:\/\/latis.tv\/index.php\/assetto-corsa\/#primaryimage","url":"https:\/\/latis.tv\/wp-content\/uploads\/2026\/04\/Dark-Modern-Elegant-Singer-New-Song-Youtube-Thumbnail-10.jpg","contentUrl":"https:\/\/latis.tv\/wp-content\/uploads\/2026\/04\/Dark-Modern-Elegant-Singer-New-Song-Youtube-Thumbnail-10.jpg","width":1920,"height":1080},{"@type":"BreadcrumbList","@id":"https:\/\/latis.tv\/index.php\/assetto-corsa\/#breadcrumb","itemListElement":[{"@type":"ListItem","position":1,"name":"Portada","item":"https:\/\/latis.tv\/"},{"@type":"ListItem","position":2,"name":"Assetto Corsa"}]},{"@type":"WebSite","@id":"https:\/\/latis.tv\/#website","url":"https:\/\/latis.tv\/","name":"latis.tv","description":"","publisher":{"@id":"https:\/\/latis.tv\/#organization"},"potentialAction":[{"@type":"SearchAction","target":{"@type":"EntryPoint","urlTemplate":"https:\/\/latis.tv\/?s={search_term_string}"},"query-input":"required name=search_term_string"}],"inLanguage":"es-CL"},{"@type":"Organization","@id":"https:\/\/latis.tv\/#organization","name":"latis.tv","url":"https:\/\/latis.tv\/","logo":{"@type":"ImageObject","inLanguage":"es-CL","@id":"https:\/\/latis.tv\/#\/schema\/logo\/image\/","url":"https:\/\/latis.tv\/wp-content\/uploads\/2024\/03\/Logo-nigga.png","contentUrl":"https:\/\/latis.tv\/wp-content\/uploads\/2024\/03\/Logo-nigga.png","width":1920,"height":1080,"caption":"latis.tv"},"image":{"@id":"https:\/\/latis.tv\/#\/schema\/logo\/image\/"}}]}},"_links":{"self":[{"href":"https:\/\/latis.tv\/index.php\/wp-json\/wp\/v2\/pages\/1303"}],"collection":[{"href":"https:\/\/latis.tv\/index.php\/wp-json\/wp\/v2\/pages"}],"about":[{"href":"https:\/\/latis.tv\/index.php\/wp-json\/wp\/v2\/types\/page"}],"author":[{"embeddable":true,"href":"https:\/\/latis.tv\/index.php\/wp-json\/wp\/v2\/users\/2"}],"replies":[{"embeddable":true,"href":"https:\/\/latis.tv\/index.php\/wp-json\/wp\/v2\/comments?post=1303"}],"version-history":[{"count":10,"href":"https:\/\/latis.tv\/index.php\/wp-json\/wp\/v2\/pages\/1303\/revisions"}],"predecessor-version":[{"id":1792,"href":"https:\/\/latis.tv\/index.php\/wp-json\/wp\/v2\/pages\/1303\/revisions\/1792"}],"wp:attachment":[{"href":"https:\/\/latis.tv\/index.php\/wp-json\/wp\/v2\/media?parent=1303"}],"curies":[{"name":"wp","href":"https:\/\/api.w.org\/{rel}","templated":true}]}}